{"id":2618,"date":"2022-05-04T10:58:45","date_gmt":"2022-05-04T08:58:45","guid":{"rendered":"http:\/\/www.ilcollaccio.com\/tariffe\/"},"modified":"2025-11-08T12:07:39","modified_gmt":"2025-11-08T11:07:39","slug":"preise","status":"publish","type":"page","link":"https:\/\/www.ilcollaccio.com\/de\/preise\/","title":{"rendered":"Preise 2025"},"content":{"rendered":"<h3>Das Gasthaus<\/h3>\n<p>Die\u00a0Preise verstehen sich pro Person und \u00dcbernachtung.<\/p>\n<p>Kinder von 0 bis 5 Jahren zahlen nicht, f\u00fcr Kinder zwischen 5 und 11 Jahren gelten Sondertarife.<\/p>\n<p><b>Der Restbetrag f\u00fcr alle Unterk\u00fcnfte muss beim Check-in bezahlt werden.<\/b><\/p>\n<p><b>HUNDE SIND IM GASTHAUS NICHT ERLAUBT.<\/b><\/p>\n<table style=\"border-collapse: collapse; width: 100%; height: 201px;\" border=\"1\">\n<tbody>\n<tr style=\"height: 46px;\">\n<td style=\"width: 25%; height: 46px;\"><b>Saison<\/b><\/td>\n<td style=\"width: 25%; height: 46px;\"><b>Nebensaison<\/b><\/td>\n<td style=\"width: 25%; height: 46px;\"><b>Zwischensaison<\/b><\/td>\n<td style=\"width: 25%; height: 46px;\"><b>Hochsaison<\/b><strong>\u00a0<\/strong><\/td>\n<\/tr>\n<tr style=\"height: 100px;\">\n<td style=\"width: 25%; height: 92px;\"><i>Zeitraum<\/i><\/td>\n<td style=\"width: 25%; height: 92px;\"><em>Vom 02\/01\/2026<br \/>\nzum 27\/06\/2026<br \/>\n<\/em><em>und vom 31\/08\/2026<br \/>\nzum 29\/12\/2026<\/em><\/td>\n<td style=\"width: 25%; height: 92px;\"><em>Vom 27\/06\/2026<br \/>\nzum 11\/07\/2026<br \/>\nund vom 22\/08\/2026<br \/>\nzum 29\/08\/2026<br \/>\n<\/em><\/td>\n<td style=\"width: 25%; height: 92px;\"><em>Vom 11\/07\/2026<br \/>\nzum 22\/08\/2026<\/em><\/td>\n<\/tr>\n<tr style=\"height: 17px;\">\n<td style=\"width: 25%; height: 17px;\">\u00dcbernachtung und Fr\u00fchst\u00fcck<\/td>\n<td style=\"width: 25%; height: 17px;\">40,00 \u20ac<\/td>\n<td style=\"width: 25%; height: 17px;\">50,00 \u20ac<\/td>\n<td style=\"width: 25%; height: 17px;\">60,00 \u20ac<\/td>\n<\/tr>\n<tr style=\"height: 18px;\">\n<td style=\"width: 25%; height: 18px;\"><\/td>\n<td style=\"width: 25%; height: 18px;\"><\/td>\n<td style=\"width: 25%; height: 18px;\"><\/td>\n<td style=\"width: 25%; height: 18px;\"><\/td>\n<\/tr>\n<tr style=\"height: 10px;\">\n<td style=\"width: 25%; height: 10px;\">\u00dcbernachtung mit Fr\u00fchst\u00fcck Kinder (5 &#8211; 11 Jahre)<\/td>\n<td style=\"width: 25%; height: 10px;\">15,00 \u20ac<\/td>\n<td style=\"width: 25%; height: 10px;\">20,00 \u20ac<\/td>\n<td style=\"width: 25%; height: 10px;\">25,00 \u20ac<\/td>\n<\/tr>\n<tr style=\"height: 18px;\">\n<td style=\"width: 25%; height: 18px;\"><\/td>\n<td style=\"width: 25%; height: 18px;\"><\/td>\n<td style=\"width: 25%; height: 18px;\"><\/td>\n<td style=\"width: 25%; height: 18px;\"><\/td>\n<\/tr>\n<\/tbody>\n<\/table>\n<h3>Der Campingplatz<\/h3>\n<p><b>DER BEREICH DES CAMPINGPLATZES UND DIE DAMIT VERBUNDENEN DIENSTLEISTUNGEN SIND VOM 1. APRIL bis zum 31. OKTOBER GE\u00d6FFNET<\/b><\/p>\n<p>Die Preise verstehen sich pro \u00dcberanachtung und beinhalten ein ausgestattetes Fahrzeug.<\/p>\n<p>Hunde m\u00fcssen immer an der Leine\u00a0 gef\u00fchrt werden und haben KEINEN Zugang zu Bar, Restaurant, Supermarkt und Poolbereich.<\/p>\n<table style=\"border-collapse: collapse; width: 100%; height: 262px;\" border=\"1\">\n<tbody>\n<tr style=\"height: 46px;\">\n<td style=\"width: 25%; height: 46px;\"><b>Saison<\/b><\/td>\n<td style=\"width: 25%; height: 46px;\"><b>Nebensaison<\/b><\/td>\n<td style=\"width: 25%; height: 46px;\"><b>Zwischensaison<\/b><\/td>\n<td style=\"width: 25%; height: 46px;\"><b>Hochsaison<\/b><\/td>\n<\/tr>\n<tr style=\"height: 52px;\">\n<td style=\"width: 25%; height: 52px;\"><i>Zeitraum<\/i><\/td>\n<td style=\"width: 25%; height: 52px;\"><em>Vom 02\/01\/2026<br \/>\nzum 27\/06\/2026<br \/>\nund vom 22\/08\/2026<br \/>\nzum 29\/12\/2026<\/em><\/td>\n<td style=\"width: 25%; height: 52px;\"><em>Vom 27\/06\/2026<br \/>\nzum 11\/07\/2026<\/em><\/td>\n<td style=\"width: 25%; height: 52px;\"><em>Vom 11\/07\/2026<br \/>\nzum 22\/08\/2026<\/em><\/td>\n<\/tr>\n<tr style=\"height: 18px;\">\n<td style=\"width: 25%; height: 18px;\">Stellplatz Small (max 40 m\u00b2)<\/td>\n<td style=\"width: 25%; height: 18px;\">10,00 \u20ac<\/td>\n<td style=\"width: 25%; height: 18px;\">15,00 \u20ac<\/td>\n<td style=\"width: 25%; height: 18px;\">20,00 \u20ac<\/td>\n<\/tr>\n<tr style=\"height: 18px;\">\n<td style=\"width: 25%; height: 18px;\">Stellplatz Medium (40 &#8211; 70 m\u00b2)<\/td>\n<td style=\"width: 25%; height: 18px;\">15,00 \u20ac<\/td>\n<td style=\"width: 25%; height: 18px;\">20,00 \u20ac<\/td>\n<td style=\"width: 25%; height: 18px;\">25,00 \u20ac<\/td>\n<\/tr>\n<tr style=\"height: 18px;\">\n<td style=\"width: 25%; height: 18px;\">Stellplatz Large (min 70 m\u00b2)<\/td>\n<td style=\"width: 25%; height: 18px;\">20,00 \u20ac<\/td>\n<td style=\"width: 25%; height: 18px;\">25,00 \u20ac<\/td>\n<td style=\"width: 25%; height: 18px;\">30,00 \u20ac<\/td>\n<\/tr>\n<tr style=\"height: 18px;\">\n<td style=\"width: 25%; height: 18px;\">Erwachsene<\/td>\n<td style=\"width: 25%; height: 18px;\">7,50 \u20ac<\/td>\n<td style=\"width: 25%; height: 18px;\">9,50 \u20ac<\/td>\n<td style=\"width: 25%; height: 18px;\">10,50 \u20ac<\/td>\n<\/tr>\n<tr style=\"height: 18px;\">\n<td style=\"width: 25%; height: 18px;\">Kinder (0-3)<\/td>\n<td style=\"width: 25%; height: 18px;\">Gratis<\/td>\n<td style=\"width: 25%; height: 18px;\">Gratis<\/td>\n<td style=\"width: 25%; height: 18px;\">Gratis<\/td>\n<\/tr>\n<tr style=\"height: 18px;\">\n<td style=\"width: 25%; height: 18px;\">Kinder (3-11)<\/td>\n<td style=\"width: 25%; height: 18px;\">3,50 \u20ac<\/td>\n<td style=\"width: 25%; height: 18px;\">5,50 \u20ac<\/td>\n<td style=\"width: 25%; height: 18px;\">6,50 \u20ac<\/td>\n<\/tr>\n<tr style=\"height: 20px;\">\n<td style=\"width: 25%; height: 20px;\">Hunde<\/td>\n<td style=\"width: 25%; height: 20px;\">2,00 \u20ac<\/td>\n<td style=\"width: 25%; height: 20px;\">4,00 \u20ac<\/td>\n<td style=\"width: 25%; height: 20px;\">5,00 \u20ac<\/td>\n<\/tr>\n<tr style=\"height: 18px;\">\n<td style=\"width: 25%; height: 18px;\">Zus\u00e4tzliches Auto<\/td>\n<td style=\"width: 25%; height: 18px;\">3,00\u00a0\u20ac<\/td>\n<td style=\"width: 25%; height: 18px;\">4,00\u00a0\u20ac<\/td>\n<td style=\"width: 25%; height: 18px;\">5,00 \u20ac<\/td>\n<\/tr>\n<tr style=\"height: 18px;\">\n<td style=\"width: 25%; height: 18px;\">Zus\u00e4tzliches Motorrad<\/td>\n<td style=\"width: 25%; height: 18px;\">1,50\u00a0\u20ac<\/td>\n<td style=\"width: 25%; height: 18px;\">3,00\u00a0\u20ac<\/td>\n<td style=\"width: 25%; height: 18px;\">4,00 \u20ac<\/td>\n<\/tr>\n<\/tbody>\n<\/table>\n<h3>Die Chalets<\/h3>\n<p>Die Preise verstehen sich pro \u00dcbernachtung: Bettw\u00e4sche und Handt\u00fccher sind inbegriffen.<\/p>\n<p>Haustiere sind erlaubt: Zuschlag von \u20ac 20,00 f\u00fcr die Endreinigung. Hunde m\u00fcssen immer an der Leine\u00a0 gef\u00fchrt werden und haben KEINEN Zugang zu Bar, Restaurant, Supermarkt und Poolbereich.<\/p>\n<p>F\u00fcr Aufenthalte von mehr als 5 N\u00e4chten wird eine Endreinigungsgeb\u00fchr von 40 \u20ac berechnet.<\/p>\n<p><b>Der Restbetrag f\u00fcr alle Unterk\u00fcnfte muss beim Check-in bezahlt werden.<\/b><\/p>\n<table style=\"border-collapse: collapse; width: 100%;\" border=\"1\">\n<tbody>\n<tr>\n<td style=\"width: 25%;\"><b>Saison<\/b><\/td>\n<td style=\"width: 25%;\"><b>Nebensaison<\/b><\/td>\n<td style=\"width: 25%;\"><b>Zwischensaison<\/b><\/td>\n<td style=\"width: 25%;\"><b>Hochsaison<\/b><\/td>\n<\/tr>\n<tr>\n<td style=\"width: 25%;\"><i>Zeitraum<\/i><\/td>\n<td style=\"width: 25%;\"><em>Vom 02\/01\/2026<br \/>\nzum 27\/06\/2026<br \/>\n<\/em><em>und vom 31\/08\/2026<br \/>\nzum 29\/12\/2026<\/em><\/td>\n<td style=\"width: 25%;\"><em>Vom 27\/06\/2026<br \/>\nzum 11\/07\/2026<br \/>\nund vom 22\/08\/2026<br \/>\nzum 29\/08\/2026<\/em><\/td>\n<td style=\"width: 25%;\"><em>Vom 11\/07\/2026<br \/>\nzum 22\/08\/2026<\/em><\/td>\n<\/tr>\n<tr>\n<td style=\"width: 25%;\">Chalet 4 Pl\u00e4tze<\/td>\n<td style=\"width: 25%;\">90,00 \u20ac<\/td>\n<td style=\"width: 25%;\">110,00 \u20ac<\/td>\n<td style=\"width: 25%;\">125,00 \u20ac<\/td>\n<\/tr>\n<tr>\n<td style=\"width: 25%;\">Chalet 6 Pl\u00e4tze<\/td>\n<td style=\"width: 25%;\">100,00 \u20ac<\/td>\n<td style=\"width: 25%;\">120,00 \u20ac<\/td>\n<td style=\"width: 25%;\">135,00 \u20ac<\/td>\n<\/tr>\n<\/tbody>\n<\/table>\n<h3>Die Apartments<\/h3>\n<p>Die Preise\u00a0verstehen sich pro \u00dcbernachtung: Bettw\u00e4sche und Handt\u00fccher sind inbegriffen.<\/p>\n<p>Haustiere sind erlaubt: Zuschlag von \u20ac 20,00 f\u00fcr die Endreinigung.<\/p>\n<p>Hunde m\u00fcssen immer an der Leine gef\u00fchrt werden und haben KEINEN Zugang zu Bar, Restaurant, Supermarkt und Poolbereich.<\/p>\n<p>F\u00fcr Aufenthalte von mehr als 5 N\u00e4chten wird eine Endreinigungsgeb\u00fchr von 40 \u20ac berechnet.<\/p>\n<p><b>Der Restbetrag f\u00fcr alle Unterk\u00fcnfte muss beim Check-in bezahlt werden.<\/b><\/p>\n<table style=\"border-collapse: collapse; width: 100%; height: 249px;\" border=\"1\">\n<tbody>\n<tr style=\"height: 46px;\">\n<td style=\"width: 25%; height: 46px;\"><b>Saison<\/b><\/td>\n<td style=\"width: 25%; height: 46px;\"><b>Nebensaison<\/b><\/td>\n<td style=\"width: 25%; height: 46px;\"><b>Zwischensaison<\/b><\/td>\n<td style=\"width: 25%; height: 46px;\"><b>Hochsaison<\/b><\/td>\n<\/tr>\n<tr style=\"height: 92px;\">\n<td style=\"width: 25%; height: 92px;\"><i>Zeitraum<\/i><\/td>\n<td style=\"width: 25%; height: 92px;\"><em>Vom 02\/01\/2026<br \/>\nzum 27\/06\/2026<br \/>\n<\/em><em>und vom 31\/08\/2026<br \/>\nzum 29\/12\/2026<\/em><\/td>\n<td style=\"width: 25%; height: 92px;\"><em>Vom 27\/06\/2026<br \/>\nzum 11\/07\/2026<br \/>\nund vom 22\/08\/2026<br \/>\nzum 29\/08\/2026<\/em><\/td>\n<td style=\"width: 25%; height: 92px;\"><em>Vom 11\/07\/2026<br \/>\nzum 22\/08\/2026<\/em><\/td>\n<\/tr>\n<tr style=\"height: 49px;\">\n<td style=\"width: 25%; height: 49px;\">Ferienwohnung 4 Pl\u00e4tze<\/td>\n<td style=\"width: 25%; height: 49px;\">115,00 \u20ac<\/td>\n<td style=\"width: 25%; height: 49px;\">135,00 \u20ac<\/td>\n<td style=\"width: 25%; height: 49px;\">145,00 \u20ac<\/td>\n<\/tr>\n<tr style=\"height: 49px;\">\n<td style=\"width: 25%; height: 49px;\">Ferienwohnung 5 Pl\u00e4tze<\/td>\n<td style=\"width: 25%; height: 49px;\">125,00 \u20ac<\/td>\n<td style=\"width: 25%; height: 49px;\">145,00 \u20ac<\/td>\n<td style=\"width: 25%; height: 49px;\">155,00 \u20ac<\/td>\n<\/tr>\n<tr style=\"height: 49px;\">\n<td style=\"width: 25%; height: 49px;\">Ferienwohnung 6 Pl\u00e4tze<\/td>\n<td style=\"width: 25%; height: 49px;\">135,00 \u20ac<\/td>\n<td style=\"width: 25%; height: 49px;\">155,00 \u20ac<\/td>\n<td style=\"width: 25%; height: 49px;\">165,00 \u20ac<\/td>\n<\/tr>\n<\/tbody>\n<\/table>\n<h3>Glamping-Bereich<\/h3>\n<p>Die Preise verstehen sich pro \u00dcbernachtung: Bettw\u00e4sche und Handt\u00fccher sind inbegriffen.<\/p>\n<p>Haustiere sind nur in den Standard-Mobilheimen erlaubt: Zuschlag von \u20ac 20,00 f\u00fcr die Endreinigung.<\/p>\n<p>Hunde m\u00fcssen immer an der Leine\u00a0 gef\u00fchrt werden und haben KEINEN Zugang zu Bar, Restaurant, Supermarkt und Poolbereich.<\/p>\n<p>F\u00fcr Aufenthalte von mehr als 5 N\u00e4chten wird eine Endreinigungsgeb\u00fchr von 40 \u20ac berechnet.<\/p>\n<p><b>Der Restbetrag f\u00fcr alle Unterk\u00fcnfte muss beim Check-in bezahlt werden.<\/b><\/p>\n<table style=\"border-collapse: collapse; width: 100%; height: 154px;\" border=\"1\">\n<tbody>\n<tr style=\"height: 46px;\">\n<td style=\"width: 26.3464%; height: 46px;\"><b>Saison<\/b><\/td>\n<td style=\"width: 23.6536%; height: 46px;\"><b>Nebensaison<\/b><\/td>\n<td style=\"width: 25%; height: 46px;\"><b>Zwischensaison<\/b><\/td>\n<td style=\"width: 25%; height: 46px;\"><b>Hochsaison<\/b><\/td>\n<\/tr>\n<tr style=\"height: 72px;\">\n<td style=\"width: 26.3464%; height: 72px;\"><i>Zeitraum<\/i><\/td>\n<td style=\"width: 23.6536%; height: 72px;\"><em>Vom 02\/01\/2026<br \/>\nzum 27\/06\/2026<br \/>\n<\/em><em>und vom 31\/08\/2026<br \/>\nzum 29\/12\/2026<\/em><\/td>\n<td style=\"width: 25%; height: 72px;\"><em>Vom 27\/06\/2026<br \/>\nzum 11\/07\/2026<br \/>\nund vom 22\/08\/2026<br \/>\nzum 29\/08\/2026<\/em><\/td>\n<td style=\"width: 25%; height: 72px;\"><em>Vom 11\/07\/2026<br \/>\nzum 22\/08\/2026<\/em><\/td>\n<\/tr>\n<tr style=\"height: 18px;\">\n<td style=\"width: 26.3464%; height: 18px;\">Glamping View 5 Pl\u00e4tze<\/td>\n<td style=\"width: 23.6536%; height: 18px;\">160,00 \u20ac<\/td>\n<td style=\"width: 25%; height: 18px;\">180,00 \u20ac<\/td>\n<td style=\"width: 25%; height: 18px;\">200,00 \u20ac<\/td>\n<\/tr>\n<tr style=\"height: 18px;\">\n<td style=\"width: 26.3464%; height: 10px;\">Glampingzelt mit Bad, 4 Pl\u00e4tze<\/td>\n<td style=\"width: 23.6536%; height: 10px;\">100,00 \u20ac<\/td>\n<td style=\"width: 25%; height: 10px;\">130,00 \u20ac<\/td>\n<td style=\"width: 25%; height: 10px;\">160,00 \u20ac<\/td>\n<\/tr>\n<tr style=\"height: 18px;\">\n<td style=\"width: 26.3464%; height: 18px;\">Glamping Nest 4, Pl\u00e4tze<\/td>\n<td style=\"width: 23.6536%; height: 18px;\">125,00 \u20ac<\/td>\n<td style=\"width: 25%; height: 18px;\">140,00 \u20ac<\/td>\n<td style=\"width: 25%; height: 18px;\">165,00 \u20ac<\/td>\n<\/tr>\n<\/tbody>\n<\/table>\n<h3><\/h3>\n<h3><\/h3>\n<h3><\/h3>\n<h3><\/h3>\n<h3>Stornierungsbedingungen<\/h3>\n<p><b>Innerhalb von 10 Tagen <\/b>vor der Ankunft wird die Anzahlung zur\u00fcckerstattet, wobei 20,00 \u20ac als Buchungsgeb\u00fchr einbehalten werden.<\/p>\n","protected":false},"excerpt":{"rendered":"<p>Das Gasthaus Die\u00a0Preise verstehen sich pro Person und \u00dcbernachtung. Kinder von 0 bis 5 Jahren zahlen nicht, f\u00fcr Kinder zwischen 5 und 11 Jahren gelten Sondertarife. Der Restbetrag f\u00fcr alle Unterk\u00fcnfte muss beim Check-in bezahlt werden. HUNDE SIND IM GASTHAUS &hellip; <a href=\"https:\/\/www.ilcollaccio.com\/de\/preise\/\">Read More<\/a><\/p>\n","protected":false},"author":1,"featured_media":0,"parent":0,"menu_order":2,"comment_status":"closed","ping_status":"closed","template":"","meta":{"footnotes":""},"class_list":["post-2618","page","type-page","status-publish","hentry"],"yoast_head":"<!-- This site is optimized with the Yoast SEO plugin v19.10 - https:\/\/yoast.com\/wordpress\/plugins\/seo\/ -->\n<title>Preise - Il Collaccio - Landwirtschaft und Gastfreundschaft<\/title>\n<meta name=\"robots\" content=\"index, follow, max-snippet:-1, max-image-preview:large, max-video-preview:-1\" \/>\n<link rel=\"canonical\" href=\"https:\/\/www.ilcollaccio.com\/de\/preise\/\" \/>\n<meta property=\"og:locale\" content=\"de_DE\" \/>\n<meta property=\"og:type\" content=\"article\" \/>\n<meta property=\"og:title\" content=\"Preise - Il Collaccio - Landwirtschaft und Gastfreundschaft\" \/>\n<meta property=\"og:description\" content=\"Das Gasthaus Die\u00a0Preise verstehen sich pro Person und \u00dcbernachtung. Kinder von 0 bis 5 Jahren zahlen nicht, f\u00fcr Kinder zwischen 5 und 11 Jahren gelten Sondertarife. Der Restbetrag f\u00fcr alle Unterk\u00fcnfte muss beim Check-in bezahlt werden. HUNDE SIND IM GASTHAUS &hellip; Read More\" \/>\n<meta property=\"og:url\" content=\"https:\/\/www.ilcollaccio.com\/de\/preise\/\" \/>\n<meta property=\"og:site_name\" content=\"Il Collaccio - Agricoltura e Ospitalit\u00e0\" \/>\n<meta property=\"article:modified_time\" content=\"2025-11-08T11:07:39+00:00\" \/>\n<meta name=\"twitter:card\" content=\"summary_large_image\" \/>\n<meta name=\"twitter:label1\" content=\"Gesch\u00e4tzte Lesezeit\" \/>\n\t<meta name=\"twitter:data1\" content=\"4\u00a0Minuten\" \/>\n<script type=\"application\/ld+json\" class=\"yoast-schema-graph\">{\"@context\":\"https:\/\/schema.org\",\"@graph\":[{\"@type\":\"WebPage\",\"@id\":\"https:\/\/www.ilcollaccio.com\/de\/preise\/\",\"url\":\"https:\/\/www.ilcollaccio.com\/de\/preise\/\",\"name\":\"Preise - Il Collaccio - Landwirtschaft und Gastfreundschaft\",\"isPartOf\":{\"@id\":\"https:\/\/www.ilcollaccio.com\/en\/#website\"},\"datePublished\":\"2022-05-04T08:58:45+00:00\",\"dateModified\":\"2025-11-08T11:07:39+00:00\",\"breadcrumb\":{\"@id\":\"https:\/\/www.ilcollaccio.com\/de\/preise\/#breadcrumb\"},\"inLanguage\":\"de\",\"potentialAction\":[{\"@type\":\"ReadAction\",\"target\":[\"https:\/\/www.ilcollaccio.com\/de\/preise\/\"]}]},{\"@type\":\"BreadcrumbList\",\"@id\":\"https:\/\/www.ilcollaccio.com\/de\/preise\/#breadcrumb\",\"itemListElement\":[{\"@type\":\"ListItem\",\"position\":1,\"name\":\"Home\",\"item\":\"https:\/\/www.ilcollaccio.com\/en\/\"},{\"@type\":\"ListItem\",\"position\":2,\"name\":\"Preise 2025\"}]},{\"@type\":\"WebSite\",\"@id\":\"https:\/\/www.ilcollaccio.com\/en\/#website\",\"url\":\"https:\/\/www.ilcollaccio.com\/en\/\",\"name\":\"Il Collaccio - Agricoltura e Ospitalit\u00e0\",\"description\":\"Un nuovo sito targato WordPress\",\"publisher\":{\"@id\":\"https:\/\/www.ilcollaccio.com\/en\/#organization\"},\"potentialAction\":[{\"@type\":\"SearchAction\",\"target\":{\"@type\":\"EntryPoint\",\"urlTemplate\":\"https:\/\/www.ilcollaccio.com\/en\/?s={search_term_string}\"},\"query-input\":\"required name=search_term_string\"}],\"inLanguage\":\"de\"},{\"@type\":\"Organization\",\"@id\":\"https:\/\/www.ilcollaccio.com\/en\/#organization\",\"name\":\"Il Collaccio\",\"url\":\"https:\/\/www.ilcollaccio.com\/en\/\",\"logo\":{\"@type\":\"ImageObject\",\"inLanguage\":\"de\",\"@id\":\"https:\/\/www.ilcollaccio.com\/en\/#\/schema\/logo\/image\/\",\"url\":\"http:\/\/www.ilcollaccio.com\/wp-content\/uploads\/2021\/10\/logo-h-b-1.png\",\"contentUrl\":\"http:\/\/www.ilcollaccio.com\/wp-content\/uploads\/2021\/10\/logo-h-b-1.png\",\"width\":385,\"height\":124,\"caption\":\"Il Collaccio\"},\"image\":{\"@id\":\"https:\/\/www.ilcollaccio.com\/en\/#\/schema\/logo\/image\/\"}}]}<\/script>\n<!-- \/ Yoast SEO plugin. -->","yoast_head_json":{"title":"Preise - Il Collaccio - Landwirtschaft und Gastfreundschaft","robots":{"index":"index","follow":"follow","max-snippet":"max-snippet:-1","max-image-preview":"max-image-preview:large","max-video-preview":"max-video-preview:-1"},"canonical":"https:\/\/www.ilcollaccio.com\/de\/preise\/","og_locale":"de_DE","og_type":"article","og_title":"Preise - Il Collaccio - Landwirtschaft und Gastfreundschaft","og_description":"Das Gasthaus Die\u00a0Preise verstehen sich pro Person und \u00dcbernachtung. Kinder von 0 bis 5 Jahren zahlen nicht, f\u00fcr Kinder zwischen 5 und 11 Jahren gelten Sondertarife. Der Restbetrag f\u00fcr alle Unterk\u00fcnfte muss beim Check-in bezahlt werden. HUNDE SIND IM GASTHAUS &hellip; Read More","og_url":"https:\/\/www.ilcollaccio.com\/de\/preise\/","og_site_name":"Il Collaccio - Agricoltura e Ospitalit\u00e0","article_modified_time":"2025-11-08T11:07:39+00:00","twitter_card":"summary_large_image","twitter_misc":{"Gesch\u00e4tzte Lesezeit":"4\u00a0Minuten"},"schema":{"@context":"https:\/\/schema.org","@graph":[{"@type":"WebPage","@id":"https:\/\/www.ilcollaccio.com\/de\/preise\/","url":"https:\/\/www.ilcollaccio.com\/de\/preise\/","name":"Preise - Il Collaccio - Landwirtschaft und Gastfreundschaft","isPartOf":{"@id":"https:\/\/www.ilcollaccio.com\/en\/#website"},"datePublished":"2022-05-04T08:58:45+00:00","dateModified":"2025-11-08T11:07:39+00:00","breadcrumb":{"@id":"https:\/\/www.ilcollaccio.com\/de\/preise\/#breadcrumb"},"inLanguage":"de","potentialAction":[{"@type":"ReadAction","target":["https:\/\/www.ilcollaccio.com\/de\/preise\/"]}]},{"@type":"BreadcrumbList","@id":"https:\/\/www.ilcollaccio.com\/de\/preise\/#breadcrumb","itemListElement":[{"@type":"ListItem","position":1,"name":"Home","item":"https:\/\/www.ilcollaccio.com\/en\/"},{"@type":"ListItem","position":2,"name":"Preise 2025"}]},{"@type":"WebSite","@id":"https:\/\/www.ilcollaccio.com\/en\/#website","url":"https:\/\/www.ilcollaccio.com\/en\/","name":"Il Collaccio - Agricoltura e Ospitalit\u00e0","description":"Un nuovo sito targato WordPress","publisher":{"@id":"https:\/\/www.ilcollaccio.com\/en\/#organization"},"potentialAction":[{"@type":"SearchAction","target":{"@type":"EntryPoint","urlTemplate":"https:\/\/www.ilcollaccio.com\/en\/?s={search_term_string}"},"query-input":"required name=search_term_string"}],"inLanguage":"de"},{"@type":"Organization","@id":"https:\/\/www.ilcollaccio.com\/en\/#organization","name":"Il Collaccio","url":"https:\/\/www.ilcollaccio.com\/en\/","logo":{"@type":"ImageObject","inLanguage":"de","@id":"https:\/\/www.ilcollaccio.com\/en\/#\/schema\/logo\/image\/","url":"http:\/\/www.ilcollaccio.com\/wp-content\/uploads\/2021\/10\/logo-h-b-1.png","contentUrl":"http:\/\/www.ilcollaccio.com\/wp-content\/uploads\/2021\/10\/logo-h-b-1.png","width":385,"height":124,"caption":"Il Collaccio"},"image":{"@id":"https:\/\/www.ilcollaccio.com\/en\/#\/schema\/logo\/image\/"}}]}},"_links":{"self":[{"href":"https:\/\/www.ilcollaccio.com\/de\/wp-json\/wp\/v2\/pages\/2618","targetHints":{"allow":["GET"]}}],"collection":[{"href":"https:\/\/www.ilcollaccio.com\/de\/wp-json\/wp\/v2\/pages"}],"about":[{"href":"https:\/\/www.ilcollaccio.com\/de\/wp-json\/wp\/v2\/types\/page"}],"author":[{"embeddable":true,"href":"https:\/\/www.ilcollaccio.com\/de\/wp-json\/wp\/v2\/users\/1"}],"replies":[{"embeddable":true,"href":"https:\/\/www.ilcollaccio.com\/de\/wp-json\/wp\/v2\/comments?post=2618"}],"version-history":[{"count":59,"href":"https:\/\/www.ilcollaccio.com\/de\/wp-json\/wp\/v2\/pages\/2618\/revisions"}],"predecessor-version":[{"id":9813,"href":"https:\/\/www.ilcollaccio.com\/de\/wp-json\/wp\/v2\/pages\/2618\/revisions\/9813"}],"wp:attachment":[{"href":"https:\/\/www.ilcollaccio.com\/de\/wp-json\/wp\/v2\/media?parent=2618"}],"curies":[{"name":"wp","href":"https:\/\/api.w.org\/{rel}","templated":true}]}}