{"id":5921,"date":"2022-11-14T11:59:05","date_gmt":"2022-11-14T10:59:05","guid":{"rendered":"https:\/\/www.ilcollaccio.com\/?page_id=5921"},"modified":"2023-03-23T13:14:28","modified_gmt":"2023-03-23T12:14:28","slug":"angebote","status":"publish","type":"page","link":"https:\/\/www.ilcollaccio.com\/de\/angebote\/","title":{"rendered":"Angebote"},"content":{"rendered":"<h3>Angebote<\/h3>\n<p>Beste Angebote bei Online-Buchung<\/p>\n<h3>Besondere Angebote<\/h3>\n<p>\t\t\tSorry, no results were found.<br \/>\n\t\t\t\t\t\t\t\t\t\t\t\t<img decoding=\"async\" width=\"307\" height=\"306\" src=\"https:\/\/www.ilcollaccio.com\/wp-content\/uploads\/2022\/05\/impiantisportivi2.png\" alt=\"\" loading=\"lazy\" srcset=\"https:\/\/www.ilcollaccio.com\/wp-content\/uploads\/2022\/05\/impiantisportivi2.png 307w, https:\/\/www.ilcollaccio.com\/wp-content\/uploads\/2022\/05\/impiantisportivi2-300x300.png 300w, https:\/\/www.ilcollaccio.com\/wp-content\/uploads\/2022\/05\/impiantisportivi2-150x150.png 150w, https:\/\/www.ilcollaccio.com\/wp-content\/uploads\/2022\/05\/impiantisportivi2-100x100.png 100w, https:\/\/www.ilcollaccio.com\/wp-content\/uploads\/2022\/05\/impiantisportivi2-80x80.png 80w, https:\/\/www.ilcollaccio.com\/wp-content\/uploads\/2022\/05\/impiantisportivi2-304x303.png 304w\" sizes=\"auto, (max-width: 307px) 100vw, 307px\" \/>\t\t\t\t\t\t\t\t\t\t\t\t\t\t<\/p>\n<h3>Impianti Sportivi<\/h3>\n<p><a href=\"\/attivita\/impianti-sportivi\">Scopri di pi\u00f9<\/a><\/p>\n<p>\t\t\t\t\t\t\t\t\t\t\t\t<img decoding=\"async\" width=\"307\" height=\"306\" src=\"https:\/\/www.ilcollaccio.com\/wp-content\/uploads\/2022\/05\/trekking2.png\" alt=\"\" loading=\"lazy\" srcset=\"https:\/\/www.ilcollaccio.com\/wp-content\/uploads\/2022\/05\/trekking2.png 307w, https:\/\/www.ilcollaccio.com\/wp-content\/uploads\/2022\/05\/trekking2-300x300.png 300w, https:\/\/www.ilcollaccio.com\/wp-content\/uploads\/2022\/05\/trekking2-150x150.png 150w, https:\/\/www.ilcollaccio.com\/wp-content\/uploads\/2022\/05\/trekking2-100x100.png 100w, https:\/\/www.ilcollaccio.com\/wp-content\/uploads\/2022\/05\/trekking2-80x80.png 80w, https:\/\/www.ilcollaccio.com\/wp-content\/uploads\/2022\/05\/trekking2-304x303.png 304w\" sizes=\"auto, (max-width: 307px) 100vw, 307px\" \/>\t\t\t\t\t\t\t\t\t\t\t\t\t\t<\/p>\n<h3>Trekking<\/h3>\n<p><a href=\"\/attivita\/trekking\">Scopri di pi\u00f9<\/a><\/p>\n<p>\t\t\t\t\t\t\t\t\t\t\t\t<img decoding=\"async\" width=\"307\" height=\"306\" src=\"https:\/\/www.ilcollaccio.com\/wp-content\/uploads\/2022\/05\/ciclismo2.png\" alt=\"\" loading=\"lazy\" srcset=\"https:\/\/www.ilcollaccio.com\/wp-content\/uploads\/2022\/05\/ciclismo2.png 307w, https:\/\/www.ilcollaccio.com\/wp-content\/uploads\/2022\/05\/ciclismo2-300x300.png 300w, https:\/\/www.ilcollaccio.com\/wp-content\/uploads\/2022\/05\/ciclismo2-150x150.png 150w, https:\/\/www.ilcollaccio.com\/wp-content\/uploads\/2022\/05\/ciclismo2-100x100.png 100w, https:\/\/www.ilcollaccio.com\/wp-content\/uploads\/2022\/05\/ciclismo2-80x80.png 80w, https:\/\/www.ilcollaccio.com\/wp-content\/uploads\/2022\/05\/ciclismo2-304x303.png 304w\" sizes=\"auto, (max-width: 307px) 100vw, 307px\" \/>\t\t\t\t\t\t\t\t\t\t\t\t\t\t<\/p>\n<h3>Ciclismo<\/h3>\n<p><a href=\"\/attivita\/ciclismo\">Scopri di pi\u00f9<\/a><\/p>\n","protected":false},"excerpt":{"rendered":"<p>Angebote Beste Angebote bei Online-Buchung Besondere Angebote Sorry, no results were found. Impianti Sportivi Scopri di pi\u00f9 Trekking Scopri di pi\u00f9 Ciclismo Scopri di pi\u00f9<\/p>\n","protected":false},"author":1,"featured_media":0,"parent":0,"menu_order":2,"comment_status":"closed","ping_status":"closed","template":"","meta":{"footnotes":""},"class_list":["post-5921","page","type-page","status-publish","hentry"],"yoast_head":"<!-- This site is optimized with the Yoast SEO plugin v19.10 - https:\/\/yoast.com\/wordpress\/plugins\/seo\/ -->\n<title>Angebote - Il Collaccio - Agricoltura e Ospitalit\u00e0<\/title>\n<meta name=\"robots\" content=\"index, follow, max-snippet:-1, max-image-preview:large, max-video-preview:-1\" \/>\n<link rel=\"canonical\" href=\"https:\/\/www.ilcollaccio.com\/en\/offers\/\" \/>\n<meta property=\"og:locale\" content=\"de_DE\" \/>\n<meta property=\"og:type\" content=\"article\" \/>\n<meta property=\"og:title\" content=\"Angebote - Il Collaccio - Agricoltura e Ospitalit\u00e0\" \/>\n<meta property=\"og:description\" content=\"Angebote Beste Angebote bei Online-Buchung Besondere Angebote Sorry, no results were found. Impianti Sportivi Scopri di pi\u00f9 Trekking Scopri di pi\u00f9 Ciclismo Scopri di pi\u00f9\" \/>\n<meta property=\"og:url\" content=\"https:\/\/www.ilcollaccio.com\/en\/offers\/\" \/>\n<meta property=\"og:site_name\" content=\"Il Collaccio - Agricoltura e Ospitalit\u00e0\" \/>\n<meta property=\"article:modified_time\" content=\"2023-03-23T12:14:28+00:00\" \/>\n<meta property=\"og:image\" content=\"https:\/\/www.ilcollaccio.com\/wp-content\/uploads\/2022\/05\/impiantisportivi2.png\" \/>\n<meta name=\"twitter:card\" content=\"summary_large_image\" \/>\n<meta name=\"twitter:label1\" content=\"Gesch\u00e4tzte Lesezeit\" \/>\n\t<meta name=\"twitter:data1\" content=\"1\u00a0Minute\" \/>\n<script type=\"application\/ld+json\" class=\"yoast-schema-graph\">{\"@context\":\"https:\/\/schema.org\",\"@graph\":[{\"@type\":\"WebPage\",\"@id\":\"https:\/\/www.ilcollaccio.com\/en\/offers\/\",\"url\":\"https:\/\/www.ilcollaccio.com\/en\/offers\/\",\"name\":\"Angebote - Il Collaccio - Agricoltura e Ospitalit\u00e0\",\"isPartOf\":{\"@id\":\"https:\/\/www.ilcollaccio.com\/en\/#website\"},\"datePublished\":\"2022-11-14T10:59:05+00:00\",\"dateModified\":\"2023-03-23T12:14:28+00:00\",\"breadcrumb\":{\"@id\":\"https:\/\/www.ilcollaccio.com\/en\/offers\/#breadcrumb\"},\"inLanguage\":\"de\",\"potentialAction\":[{\"@type\":\"ReadAction\",\"target\":[\"https:\/\/www.ilcollaccio.com\/en\/offers\/\"]}]},{\"@type\":\"BreadcrumbList\",\"@id\":\"https:\/\/www.ilcollaccio.com\/en\/offers\/#breadcrumb\",\"itemListElement\":[{\"@type\":\"ListItem\",\"position\":1,\"name\":\"Home\",\"item\":\"https:\/\/www.ilcollaccio.com\/en\/\"},{\"@type\":\"ListItem\",\"position\":2,\"name\":\"Angebote\"}]},{\"@type\":\"WebSite\",\"@id\":\"https:\/\/www.ilcollaccio.com\/en\/#website\",\"url\":\"https:\/\/www.ilcollaccio.com\/en\/\",\"name\":\"Il Collaccio - Agricoltura e Ospitalit\u00e0\",\"description\":\"Un nuovo sito targato WordPress\",\"publisher\":{\"@id\":\"https:\/\/www.ilcollaccio.com\/en\/#organization\"},\"potentialAction\":[{\"@type\":\"SearchAction\",\"target\":{\"@type\":\"EntryPoint\",\"urlTemplate\":\"https:\/\/www.ilcollaccio.com\/en\/?s={search_term_string}\"},\"query-input\":\"required name=search_term_string\"}],\"inLanguage\":\"de\"},{\"@type\":\"Organization\",\"@id\":\"https:\/\/www.ilcollaccio.com\/en\/#organization\",\"name\":\"Il Collaccio\",\"url\":\"https:\/\/www.ilcollaccio.com\/en\/\",\"logo\":{\"@type\":\"ImageObject\",\"inLanguage\":\"de\",\"@id\":\"https:\/\/www.ilcollaccio.com\/en\/#\/schema\/logo\/image\/\",\"url\":\"http:\/\/www.ilcollaccio.com\/wp-content\/uploads\/2021\/10\/logo-h-b-1.png\",\"contentUrl\":\"http:\/\/www.ilcollaccio.com\/wp-content\/uploads\/2021\/10\/logo-h-b-1.png\",\"width\":385,\"height\":124,\"caption\":\"Il Collaccio\"},\"image\":{\"@id\":\"https:\/\/www.ilcollaccio.com\/en\/#\/schema\/logo\/image\/\"}}]}<\/script>\n<!-- \/ Yoast SEO plugin. -->","yoast_head_json":{"title":"Angebote - Il Collaccio - Agricoltura e Ospitalit\u00e0","robots":{"index":"index","follow":"follow","max-snippet":"max-snippet:-1","max-image-preview":"max-image-preview:large","max-video-preview":"max-video-preview:-1"},"canonical":"https:\/\/www.ilcollaccio.com\/en\/offers\/","og_locale":"de_DE","og_type":"article","og_title":"Angebote - Il Collaccio - Agricoltura e Ospitalit\u00e0","og_description":"Angebote Beste Angebote bei Online-Buchung Besondere Angebote Sorry, no results were found. Impianti Sportivi Scopri di pi\u00f9 Trekking Scopri di pi\u00f9 Ciclismo Scopri di pi\u00f9","og_url":"https:\/\/www.ilcollaccio.com\/en\/offers\/","og_site_name":"Il Collaccio - Agricoltura e Ospitalit\u00e0","article_modified_time":"2023-03-23T12:14:28+00:00","og_image":[{"url":"https:\/\/www.ilcollaccio.com\/wp-content\/uploads\/2022\/05\/impiantisportivi2.png"}],"twitter_card":"summary_large_image","twitter_misc":{"Gesch\u00e4tzte Lesezeit":"1\u00a0Minute"},"schema":{"@context":"https:\/\/schema.org","@graph":[{"@type":"WebPage","@id":"https:\/\/www.ilcollaccio.com\/en\/offers\/","url":"https:\/\/www.ilcollaccio.com\/en\/offers\/","name":"Angebote - Il Collaccio - Agricoltura e Ospitalit\u00e0","isPartOf":{"@id":"https:\/\/www.ilcollaccio.com\/en\/#website"},"datePublished":"2022-11-14T10:59:05+00:00","dateModified":"2023-03-23T12:14:28+00:00","breadcrumb":{"@id":"https:\/\/www.ilcollaccio.com\/en\/offers\/#breadcrumb"},"inLanguage":"de","potentialAction":[{"@type":"ReadAction","target":["https:\/\/www.ilcollaccio.com\/en\/offers\/"]}]},{"@type":"BreadcrumbList","@id":"https:\/\/www.ilcollaccio.com\/en\/offers\/#breadcrumb","itemListElement":[{"@type":"ListItem","position":1,"name":"Home","item":"https:\/\/www.ilcollaccio.com\/en\/"},{"@type":"ListItem","position":2,"name":"Angebote"}]},{"@type":"WebSite","@id":"https:\/\/www.ilcollaccio.com\/en\/#website","url":"https:\/\/www.ilcollaccio.com\/en\/","name":"Il Collaccio - Agricoltura e Ospitalit\u00e0","description":"Un nuovo sito targato WordPress","publisher":{"@id":"https:\/\/www.ilcollaccio.com\/en\/#organization"},"potentialAction":[{"@type":"SearchAction","target":{"@type":"EntryPoint","urlTemplate":"https:\/\/www.ilcollaccio.com\/en\/?s={search_term_string}"},"query-input":"required name=search_term_string"}],"inLanguage":"de"},{"@type":"Organization","@id":"https:\/\/www.ilcollaccio.com\/en\/#organization","name":"Il Collaccio","url":"https:\/\/www.ilcollaccio.com\/en\/","logo":{"@type":"ImageObject","inLanguage":"de","@id":"https:\/\/www.ilcollaccio.com\/en\/#\/schema\/logo\/image\/","url":"http:\/\/www.ilcollaccio.com\/wp-content\/uploads\/2021\/10\/logo-h-b-1.png","contentUrl":"http:\/\/www.ilcollaccio.com\/wp-content\/uploads\/2021\/10\/logo-h-b-1.png","width":385,"height":124,"caption":"Il Collaccio"},"image":{"@id":"https:\/\/www.ilcollaccio.com\/en\/#\/schema\/logo\/image\/"}}]}},"_links":{"self":[{"href":"https:\/\/www.ilcollaccio.com\/de\/wp-json\/wp\/v2\/pages\/5921","targetHints":{"allow":["GET"]}}],"collection":[{"href":"https:\/\/www.ilcollaccio.com\/de\/wp-json\/wp\/v2\/pages"}],"about":[{"href":"https:\/\/www.ilcollaccio.com\/de\/wp-json\/wp\/v2\/types\/page"}],"author":[{"embeddable":true,"href":"https:\/\/www.ilcollaccio.com\/de\/wp-json\/wp\/v2\/users\/1"}],"replies":[{"embeddable":true,"href":"https:\/\/www.ilcollaccio.com\/de\/wp-json\/wp\/v2\/comments?post=5921"}],"version-history":[{"count":24,"href":"https:\/\/www.ilcollaccio.com\/de\/wp-json\/wp\/v2\/pages\/5921\/revisions"}],"predecessor-version":[{"id":7482,"href":"https:\/\/www.ilcollaccio.com\/de\/wp-json\/wp\/v2\/pages\/5921\/revisions\/7482"}],"wp:attachment":[{"href":"https:\/\/www.ilcollaccio.com\/de\/wp-json\/wp\/v2\/media?parent=5921"}],"curies":[{"name":"wp","href":"https:\/\/api.w.org\/{rel}","templated":true}]}}