{"id":7518,"date":"2023-03-28T10:12:30","date_gmt":"2023-03-28T08:12:30","guid":{"rendered":"https:\/\/www.ilcollaccio.com\/?page_id=7518"},"modified":"2023-11-09T12:10:33","modified_gmt":"2023-11-09T11:10:33","slug":"umbria-activity-park","status":"publish","type":"page","link":"https:\/\/www.ilcollaccio.com\/de\/aktivitaten\/umbria-activity-park\/","title":{"rendered":"Umbria Activity Park"},"content":{"rendered":"\t\t<div data-elementor-type=\"wp-page\" data-elementor-id=\"7518\" class=\"elementor elementor-7518 elementor-7517\">\n\t\t\t\t\t\t<div class=\"elementor-inner\">\n\t\t\t\t<div class=\"elementor-section-wrap\">\n\t\t\t\t\t\t\t\t\t<section class=\"elementor-section elementor-top-section elementor-element elementor-element-79a1270 elementor-section-full_width elementor-section-height-default elementor-section-height-default\" data-id=\"79a1270\" data-element_type=\"section\" data-settings=\"{&quot;background_background&quot;:&quot;classic&quot;}\">\n\t\t\t\t\t\t<div class=\"elementor-container elementor-column-gap-default\">\n\t\t\t\t\t\t\t<div class=\"elementor-row\">\n\t\t\t\t\t<div class=\"elementor-column elementor-col-100 elementor-top-column elementor-element elementor-element-0d3e3ff\" data-id=\"0d3e3ff\" data-element_type=\"column\" data-settings=\"{&quot;background_background&quot;:&quot;classic&quot;}\">\n\t\t\t<div class=\"elementor-column-wrap elementor-element-populated\">\n\t\t\t\t\t\t\t<div class=\"elementor-widget-wrap\">\n\t\t\t\t\t\t<section class=\"elementor-section elementor-inner-section elementor-element elementor-element-72f6a62 elementor-section-content-middle elementor-section-boxed elementor-section-height-default elementor-section-height-default\" data-id=\"72f6a62\" data-element_type=\"section\">\n\t\t\t\t\t\t<div class=\"elementor-container elementor-column-gap-default\">\n\t\t\t\t\t\t\t<div class=\"elementor-row\">\n\t\t\t\t\t<div class=\"elementor-column elementor-col-100 elementor-inner-column elementor-element elementor-element-f7a16f0\" data-id=\"f7a16f0\" data-element_type=\"column\">\n\t\t\t<div class=\"elementor-column-wrap elementor-element-populated\">\n\t\t\t\t\t\t\t<div class=\"elementor-widget-wrap\">\n\t\t\t\t\t\t<div class=\"elementor-element elementor-element-0296d02 elementor-widget elementor-widget-heading\" data-id=\"0296d02\" data-element_type=\"widget\" data-widget_type=\"heading.default\">\n\t\t\t\t<div class=\"elementor-widget-container\">\n\t\t\t<style>\/*! elementor - v3.8.1 - 13-11-2022 *\/\n.elementor-heading-title{padding:0;margin:0;line-height:1}.elementor-widget-heading .elementor-heading-title[class*=elementor-size-]>a{color:inherit;font-size:inherit;line-height:inherit}.elementor-widget-heading .elementor-heading-title.elementor-size-small{font-size:15px}.elementor-widget-heading .elementor-heading-title.elementor-size-medium{font-size:19px}.elementor-widget-heading .elementor-heading-title.elementor-size-large{font-size:29px}.elementor-widget-heading .elementor-heading-title.elementor-size-xl{font-size:39px}.elementor-widget-heading .elementor-heading-title.elementor-size-xxl{font-size:59px}<\/style><h3 class=\"elementor-heading-title elementor-size-default\">Umbria Activity <br>Park<\/h3>\t\t<\/div>\n\t\t\t\t<\/div>\n\t\t\t\t<div class=\"elementor-element elementor-element-1c4eda8 elementor-widget-divider--view-line elementor-widget elementor-widget-divider\" data-id=\"1c4eda8\" data-element_type=\"widget\" data-widget_type=\"divider.default\">\n\t\t\t\t<div class=\"elementor-widget-container\">\n\t\t\t<style>\/*! elementor - v3.8.1 - 13-11-2022 *\/\n.elementor-widget-divider{--divider-border-style:none;--divider-border-width:1px;--divider-color:#2c2c2c;--divider-icon-size:20px;--divider-element-spacing:10px;--divider-pattern-height:24px;--divider-pattern-size:20px;--divider-pattern-url:none;--divider-pattern-repeat:repeat-x}.elementor-widget-divider .elementor-divider{display:-webkit-box;display:-ms-flexbox;display:flex}.elementor-widget-divider .elementor-divider__text{font-size:15px;line-height:1;max-width:95%}.elementor-widget-divider .elementor-divider__element{margin:0 var(--divider-element-spacing);-ms-flex-negative:0;flex-shrink:0}.elementor-widget-divider .elementor-icon{font-size:var(--divider-icon-size)}.elementor-widget-divider .elementor-divider-separator{display:-webkit-box;display:-ms-flexbox;display:flex;margin:0;direction:ltr}.elementor-widget-divider--view-line_icon .elementor-divider-separator,.elementor-widget-divider--view-line_text .elementor-divider-separator{-webkit-box-align:center;-ms-flex-align:center;align-items:center}.elementor-widget-divider--view-line_icon .elementor-divider-separator:after,.elementor-widget-divider--view-line_icon .elementor-divider-separator:before,.elementor-widget-divider--view-line_text .elementor-divider-separator:after,.elementor-widget-divider--view-line_text .elementor-divider-separator:before{display:block;content:\"\";border-bottom:0;-webkit-box-flex:1;-ms-flex-positive:1;flex-grow:1;border-top:var(--divider-border-width) var(--divider-border-style) var(--divider-color)}.elementor-widget-divider--element-align-left .elementor-divider .elementor-divider-separator>.elementor-divider__svg:first-of-type{-webkit-box-flex:0;-ms-flex-positive:0;flex-grow:0;-ms-flex-negative:100;flex-shrink:100}.elementor-widget-divider--element-align-left .elementor-divider-separator:before{content:none}.elementor-widget-divider--element-align-left .elementor-divider__element{margin-left:0}.elementor-widget-divider--element-align-right .elementor-divider .elementor-divider-separator>.elementor-divider__svg:last-of-type{-webkit-box-flex:0;-ms-flex-positive:0;flex-grow:0;-ms-flex-negative:100;flex-shrink:100}.elementor-widget-divider--element-align-right .elementor-divider-separator:after{content:none}.elementor-widget-divider--element-align-right .elementor-divider__element{margin-right:0}.elementor-widget-divider:not(.elementor-widget-divider--view-line_text):not(.elementor-widget-divider--view-line_icon) .elementor-divider-separator{border-top:var(--divider-border-width) var(--divider-border-style) var(--divider-color)}.elementor-widget-divider--separator-type-pattern{--divider-border-style:none}.elementor-widget-divider--separator-type-pattern.elementor-widget-divider--view-line .elementor-divider-separator,.elementor-widget-divider--separator-type-pattern:not(.elementor-widget-divider--view-line) .elementor-divider-separator:after,.elementor-widget-divider--separator-type-pattern:not(.elementor-widget-divider--view-line) .elementor-divider-separator:before,.elementor-widget-divider--separator-type-pattern:not([class*=elementor-widget-divider--view]) .elementor-divider-separator{width:100%;min-height:var(--divider-pattern-height);-webkit-mask-size:var(--divider-pattern-size) 100%;mask-size:var(--divider-pattern-size) 100%;-webkit-mask-repeat:var(--divider-pattern-repeat);mask-repeat:var(--divider-pattern-repeat);background-color:var(--divider-color);-webkit-mask-image:var(--divider-pattern-url);mask-image:var(--divider-pattern-url)}.elementor-widget-divider--no-spacing{--divider-pattern-size:auto}.elementor-widget-divider--bg-round{--divider-pattern-repeat:round}.rtl .elementor-widget-divider .elementor-divider__text{direction:rtl}.e-con-inner>.elementor-widget-divider,.e-con>.elementor-widget-divider{width:var(--container-widget-width,100%)}<\/style>\t\t<div class=\"elementor-divider\">\n\t\t\t<span class=\"elementor-divider-separator\">\n\t\t\t\t\t\t<\/span>\n\t\t<\/div>\n\t\t\t\t<\/div>\n\t\t\t\t<\/div>\n\t\t\t\t\t\t<\/div>\n\t\t\t\t\t<\/div>\n\t\t<\/div>\n\t\t\t\t\t\t\t\t<\/div>\n\t\t\t\t\t<\/div>\n\t\t<\/section>\n\t\t\t\t\t\t<\/div>\n\t\t\t\t\t<\/div>\n\t\t<\/div>\n\t\t\t\t\t\t\t\t<\/div>\n\t\t\t\t\t<\/div>\n\t\t<\/section>\n\t\t\t\t<section class=\"elementor-section elementor-top-section elementor-element elementor-element-d3cb57d elementor-section-boxed elementor-section-height-default elementor-section-height-default\" data-id=\"d3cb57d\" data-element_type=\"section\" data-settings=\"{&quot;background_background&quot;:&quot;classic&quot;}\">\n\t\t\t\t\t\t<div class=\"elementor-container elementor-column-gap-default\">\n\t\t\t\t\t\t\t<div class=\"elementor-row\">\n\t\t\t\t\t<div class=\"elementor-column elementor-col-100 elementor-top-column elementor-element elementor-element-e0d851d\" data-id=\"e0d851d\" data-element_type=\"column\" data-settings=\"{&quot;background_background&quot;:&quot;classic&quot;}\">\n\t\t\t<div class=\"elementor-column-wrap elementor-element-populated\">\n\t\t\t\t\t\t\t<div class=\"elementor-widget-wrap\">\n\t\t\t\t\t\t<section class=\"elementor-section elementor-inner-section elementor-element elementor-element-9cc979a elementor-section-content-middle elementor-section-boxed elementor-section-height-default elementor-section-height-default\" data-id=\"9cc979a\" data-element_type=\"section\">\n\t\t\t\t\t\t<div class=\"elementor-container elementor-column-gap-default\">\n\t\t\t\t\t\t\t<div class=\"elementor-row\">\n\t\t\t\t\t<div class=\"elementor-column elementor-col-100 elementor-inner-column elementor-element elementor-element-c835ebf\" data-id=\"c835ebf\" data-element_type=\"column\">\n\t\t\t<div class=\"elementor-column-wrap elementor-element-populated\">\n\t\t\t\t\t\t\t<div class=\"elementor-widget-wrap\">\n\t\t\t\t\t\t<div class=\"elementor-element elementor-element-80e2eef elementor-widget elementor-widget-spacer\" data-id=\"80e2eef\" data-element_type=\"widget\" data-widget_type=\"spacer.default\">\n\t\t\t\t<div class=\"elementor-widget-container\">\n\t\t\t<style>\/*! elementor - v3.8.1 - 13-11-2022 *\/\n.elementor-column .elementor-spacer-inner{height:var(--spacer-size)}.e-con{--container-widget-width:100%}.e-con-inner>.elementor-widget-spacer,.e-con>.elementor-widget-spacer{width:var(--container-widget-width,var(--spacer-size));-ms-flex-item-align:stretch;align-self:stretch;-ms-flex-negative:0;flex-shrink:0}.e-con-inner>.elementor-widget-spacer>.elementor-widget-container,.e-con-inner>.elementor-widget-spacer>.elementor-widget-container>.elementor-spacer,.e-con>.elementor-widget-spacer>.elementor-widget-container,.e-con>.elementor-widget-spacer>.elementor-widget-container>.elementor-spacer{height:100%}.e-con-inner>.elementor-widget-spacer>.elementor-widget-container>.elementor-spacer>.elementor-spacer-inner,.e-con>.elementor-widget-spacer>.elementor-widget-container>.elementor-spacer>.elementor-spacer-inner{height:var(--container-widget-height,var(--spacer-size))}<\/style>\t\t<div class=\"elementor-spacer\">\n\t\t\t<div class=\"elementor-spacer-inner\"><\/div>\n\t\t<\/div>\n\t\t\t\t<\/div>\n\t\t\t\t<\/div>\n\t\t\t\t<div class=\"elementor-element elementor-element-600d861 elementor-widget elementor-widget-text-editor\" data-id=\"600d861\" data-element_type=\"widget\" data-widget_type=\"text-editor.default\">\n\t\t\t\t<div class=\"elementor-widget-container\">\n\t\t\t<style>\/*! elementor - v3.8.1 - 13-11-2022 *\/\n.elementor-widget-text-editor.elementor-drop-cap-view-stacked .elementor-drop-cap{background-color:#818a91;color:#fff}.elementor-widget-text-editor.elementor-drop-cap-view-framed .elementor-drop-cap{color:#818a91;border:3px solid;background-color:transparent}.elementor-widget-text-editor:not(.elementor-drop-cap-view-default) .elementor-drop-cap{margin-top:8px}.elementor-widget-text-editor:not(.elementor-drop-cap-view-default) .elementor-drop-cap-letter{width:1em;height:1em}.elementor-widget-text-editor .elementor-drop-cap{float:left;text-align:center;line-height:1;font-size:50px}.elementor-widget-text-editor .elementor-drop-cap-letter{display:inline-block}<\/style>\t\t\t\t\t<div class=\"elementor-text-editor elementor-clearfix\">\n\t\t\t\t<p>Der Umbria Activity Park in Scheggino ist der gr\u00f6\u00dfte Abenteuer- und Freizeitpark in Mittelitalien. Plane deinen Besuch in Umbrien, einer Region, die unendliche M\u00f6glichkeiten bietet: Nur wenige Schritte von Scheggino entfernt findest du die Marmore-Wasserf\u00e4lle, Spoleto, Assisi, Perugia und vieles mehr.<\/p><p>Entdecke die Spiele und Strecken!<\/p><p>F\u00fcr Informationen und Reservierungen: <a href=\"https:\/\/www.umbriactivitypark.it\/\" target=\"_blank\" rel=\"noopener\">https:\/\/www.umbriactivitypark.it\/<\/a><\/p>\t\t\t\t\t<\/div>\n\t\t\t\t\t\t<\/div>\n\t\t\t\t<\/div>\n\t\t\t\t<div class=\"elementor-element elementor-element-a4c49d2 elementor-widget elementor-widget-spacer\" data-id=\"a4c49d2\" data-element_type=\"widget\" data-widget_type=\"spacer.default\">\n\t\t\t\t<div class=\"elementor-widget-container\">\n\t\t\t\t\t<div class=\"elementor-spacer\">\n\t\t\t<div class=\"elementor-spacer-inner\"><\/div>\n\t\t<\/div>\n\t\t\t\t<\/div>\n\t\t\t\t<\/div>\n\t\t\t\t\t\t<\/div>\n\t\t\t\t\t<\/div>\n\t\t<\/div>\n\t\t\t\t\t\t\t\t<\/div>\n\t\t\t\t\t<\/div>\n\t\t<\/section>\n\t\t\t\t\t\t<\/div>\n\t\t\t\t\t<\/div>\n\t\t<\/div>\n\t\t\t\t\t\t\t\t<\/div>\n\t\t\t\t\t<\/div>\n\t\t<\/section>\n\t\t\t\t<section class=\"elementor-section elementor-top-section elementor-element elementor-element-84d1f4f elementor-section-boxed elementor-section-height-default elementor-section-height-default\" data-id=\"84d1f4f\" data-element_type=\"section\">\n\t\t\t\t\t\t<div class=\"elementor-container elementor-column-gap-default\">\n\t\t\t\t\t\t\t<div class=\"elementor-row\">\n\t\t\t\t\t<div class=\"elementor-column elementor-col-100 elementor-top-column elementor-element elementor-element-0103ab7\" data-id=\"0103ab7\" data-element_type=\"column\" data-settings=\"{&quot;background_background&quot;:&quot;classic&quot;}\">\n\t\t\t<div class=\"elementor-column-wrap elementor-element-populated\">\n\t\t\t\t\t\t\t<div class=\"elementor-widget-wrap\">\n\t\t\t\t\t\t<div class=\"elementor-element elementor-element-4e0fa99 elementor-arrows-position-inside elementor-widget elementor-widget-image-carousel\" data-id=\"4e0fa99\" data-element_type=\"widget\" data-settings=\"{&quot;slides_to_show&quot;:&quot;1&quot;,&quot;navigation&quot;:&quot;arrows&quot;,&quot;autoplay&quot;:&quot;yes&quot;,&quot;pause_on_hover&quot;:&quot;yes&quot;,&quot;pause_on_interaction&quot;:&quot;yes&quot;,&quot;autoplay_speed&quot;:5000,&quot;infinite&quot;:&quot;yes&quot;,&quot;effect&quot;:&quot;slide&quot;,&quot;speed&quot;:500}\" data-widget_type=\"image-carousel.default\">\n\t\t\t\t<div class=\"elementor-widget-container\">\n\t\t\t<style>\/*! elementor - v3.8.1 - 13-11-2022 *\/\n.elementor-widget-image-carousel .swiper-container{position:static}.elementor-widget-image-carousel .swiper-container .swiper-slide figure{line-height:inherit}.elementor-widget-image-carousel .swiper-slide{text-align:center}.elementor-image-carousel-wrapper:not(.swiper-container-initialized) .swiper-slide{max-width:calc(100% \/ var(--e-image-carousel-slides-to-show, 3))}<\/style>\t\t<div class=\"elementor-image-carousel-wrapper swiper-container\" dir=\"ltr\">\n\t\t\t<div class=\"elementor-image-carousel swiper-wrapper swiper-image-stretch\">\n\t\t\t\t\t\t\t\t<div class=\"swiper-slide\"><figure class=\"swiper-slide-inner\"><img decoding=\"async\" class=\"swiper-slide-image\" src=\"https:\/\/www.ilcollaccio.com\/wp-content\/uploads\/elementor\/thumbs\/parco-avventura-activopark-q4666yi4vdn6n2q83wy8ypg0d6kqtir4ejkfzt3uhc.jpg\" alt=\"parco-avventura-activopark\" \/><\/figure><\/div><div class=\"swiper-slide\"><figure class=\"swiper-slide-inner\"><img decoding=\"async\" class=\"swiper-slide-image\" src=\"https:\/\/www.ilcollaccio.com\/wp-content\/uploads\/elementor\/thumbs\/Activo_Park_07_2015-01-q46677wirq01v6ckl10inn2mb1aeyhsfru3askpwr4.jpg\" alt=\"Activo_Park_07_2015-01\" \/><\/figure><\/div><div class=\"swiper-slide\"><figure class=\"swiper-slide-inner\"><img decoding=\"async\" class=\"swiper-slide-image\" src=\"https:\/\/www.ilcollaccio.com\/wp-content\/uploads\/elementor\/thumbs\/mappa-per-sito-1-q4667hawo2cx39yx252sckp88w033gtr54m5lcbz0w.jpg\" alt=\"mappa-per-sito-1\" \/><\/figure><\/div><div class=\"swiper-slide\"><figure class=\"swiper-slide-inner\"><img decoding=\"async\" class=\"swiper-slide-image\" src=\"https:\/\/www.ilcollaccio.com\/wp-content\/uploads\/elementor\/thumbs\/20220224_101543-q4667prgdkohzrmmoqqfh0kdlcue0qrc6ahiwtzfgw.jpg\" alt=\"20220224_101543\" \/><\/figure><\/div><div class=\"swiper-slide\"><figure class=\"swiper-slide-inner\"><img decoding=\"async\" class=\"swiper-slide-image\" src=\"https:\/\/www.ilcollaccio.com\/wp-content\/uploads\/elementor\/thumbs\/20220224_115027-1-q4667rn4r8r2mzjwdrjom03as4l4g4ysujshvdwn4g.jpg\" alt=\"20220224_115027\" \/><\/figure><\/div><div class=\"swiper-slide\"><figure class=\"swiper-slide-inner\"><img decoding=\"async\" class=\"swiper-slide-image\" src=\"https:\/\/www.ilcollaccio.com\/wp-content\/uploads\/elementor\/thumbs\/20220224_115144-q4667tit4wtna7h62scxqzm7ywbuvj69it3gtxtus0.jpg\" alt=\"20220224_115144\" \/><\/figure><\/div>\t\t\t<\/div>\n\t\t\t\t\t\t\t\t\t\t\t\t\t\t\t\t<div class=\"elementor-swiper-button elementor-swiper-button-prev\">\n\t\t\t\t\t\t<i aria-hidden=\"true\" class=\"eicon-chevron-left\"><\/i>\t\t\t\t\t\t<span class=\"elementor-screen-only\">Zur\u00fcck<\/span>\n\t\t\t\t\t<\/div>\n\t\t\t\t\t<div class=\"elementor-swiper-button elementor-swiper-button-next\">\n\t\t\t\t\t\t<i aria-hidden=\"true\" class=\"eicon-chevron-right\"><\/i>\t\t\t\t\t\t<span class=\"elementor-screen-only\">Weiter<\/span>\n\t\t\t\t\t<\/div>\n\t\t\t\t\t\t\t\t\t<\/div>\n\t\t\t\t<\/div>\n\t\t\t\t<\/div>\n\t\t\t\t\t\t<\/div>\n\t\t\t\t\t<\/div>\n\t\t<\/div>\n\t\t\t\t\t\t\t\t<\/div>\n\t\t\t\t\t<\/div>\n\t\t<\/section>\n\t\t\t\t\t\t\t\t\t<\/div>\n\t\t\t<\/div>\n\t\t\t\t\t<\/div>\n\t\t","protected":false},"excerpt":{"rendered":"<p>Umbria Activity Park Der Umbria Activity Park in Scheggino ist der gr\u00f6\u00dfte Abenteuer- und Freizeitpark in Mittelitalien. Plane deinen Besuch in Umbrien, einer Region, die unendliche M\u00f6glichkeiten bietet: Nur wenige Schritte von Scheggino entfernt findest du die Marmore-Wasserf\u00e4lle, Spoleto, Assisi, &hellip; <a href=\"https:\/\/www.ilcollaccio.com\/de\/aktivitaten\/umbria-activity-park\/\">Read More<\/a><\/p>\n","protected":false},"author":2,"featured_media":0,"parent":2644,"menu_order":2,"comment_status":"closed","ping_status":"closed","template":"","meta":{"footnotes":""},"class_list":["post-7518","page","type-page","status-publish","hentry"],"yoast_head":"<!-- This site is optimized with the Yoast SEO plugin v19.10 - https:\/\/yoast.com\/wordpress\/plugins\/seo\/ -->\n<title>Umbria Activity Park - Il Collaccio - Landwirtschaft und Gastfreundschaft<\/title>\n<meta name=\"robots\" content=\"index, follow, max-snippet:-1, max-image-preview:large, max-video-preview:-1\" \/>\n<link rel=\"canonical\" href=\"https:\/\/www.ilcollaccio.com\/en\/activities\/umbria-activity-park\/\" \/>\n<meta property=\"og:locale\" content=\"de_DE\" \/>\n<meta property=\"og:type\" content=\"article\" \/>\n<meta property=\"og:title\" content=\"Umbria Activity Park - Il Collaccio - Landwirtschaft und Gastfreundschaft\" \/>\n<meta property=\"og:description\" content=\"Umbria Activity Park Der Umbria Activity Park in Scheggino ist der gr\u00f6\u00dfte Abenteuer- und Freizeitpark in Mittelitalien. Plane deinen Besuch in Umbrien, einer Region, die unendliche M\u00f6glichkeiten bietet: Nur wenige Schritte von Scheggino entfernt findest du die Marmore-Wasserf\u00e4lle, Spoleto, Assisi, &hellip; Read More\" \/>\n<meta property=\"og:url\" content=\"https:\/\/www.ilcollaccio.com\/en\/activities\/umbria-activity-park\/\" \/>\n<meta property=\"og:site_name\" content=\"Il Collaccio - Agricoltura e Ospitalit\u00e0\" \/>\n<meta property=\"article:modified_time\" content=\"2023-11-09T11:10:33+00:00\" \/>\n<meta property=\"og:image\" content=\"https:\/\/www.ilcollaccio.com\/wp-content\/uploads\/2023\/03\/parco-avventura-activopark-150x150.jpg\" \/>\n<meta name=\"twitter:card\" content=\"summary_large_image\" \/>\n<meta name=\"twitter:label1\" content=\"Gesch\u00e4tzte Lesezeit\" \/>\n\t<meta name=\"twitter:data1\" content=\"4\u00a0Minuten\" \/>\n<script type=\"application\/ld+json\" class=\"yoast-schema-graph\">{\"@context\":\"https:\/\/schema.org\",\"@graph\":[{\"@type\":\"WebPage\",\"@id\":\"https:\/\/www.ilcollaccio.com\/en\/activities\/umbria-activity-park\/\",\"url\":\"https:\/\/www.ilcollaccio.com\/en\/activities\/umbria-activity-park\/\",\"name\":\"Umbria Activity Park - Il Collaccio - Landwirtschaft und Gastfreundschaft\",\"isPartOf\":{\"@id\":\"https:\/\/www.ilcollaccio.com\/en\/#website\"},\"datePublished\":\"2023-03-28T08:12:30+00:00\",\"dateModified\":\"2023-11-09T11:10:33+00:00\",\"breadcrumb\":{\"@id\":\"https:\/\/www.ilcollaccio.com\/en\/activities\/umbria-activity-park\/#breadcrumb\"},\"inLanguage\":\"de\",\"potentialAction\":[{\"@type\":\"ReadAction\",\"target\":[\"https:\/\/www.ilcollaccio.com\/en\/activities\/umbria-activity-park\/\"]}]},{\"@type\":\"BreadcrumbList\",\"@id\":\"https:\/\/www.ilcollaccio.com\/en\/activities\/umbria-activity-park\/#breadcrumb\",\"itemListElement\":[{\"@type\":\"ListItem\",\"position\":1,\"name\":\"Home\",\"item\":\"https:\/\/www.ilcollaccio.com\/en\/\"},{\"@type\":\"ListItem\",\"position\":2,\"name\":\"Aktivit\u00e4ten\",\"item\":\"https:\/\/www.ilcollaccio.com\/en\/activities\/\"},{\"@type\":\"ListItem\",\"position\":3,\"name\":\"Umbria Activity Park\"}]},{\"@type\":\"WebSite\",\"@id\":\"https:\/\/www.ilcollaccio.com\/en\/#website\",\"url\":\"https:\/\/www.ilcollaccio.com\/en\/\",\"name\":\"Il Collaccio - Agricoltura e Ospitalit\u00e0\",\"description\":\"Un nuovo sito targato WordPress\",\"publisher\":{\"@id\":\"https:\/\/www.ilcollaccio.com\/en\/#organization\"},\"potentialAction\":[{\"@type\":\"SearchAction\",\"target\":{\"@type\":\"EntryPoint\",\"urlTemplate\":\"https:\/\/www.ilcollaccio.com\/en\/?s={search_term_string}\"},\"query-input\":\"required name=search_term_string\"}],\"inLanguage\":\"de\"},{\"@type\":\"Organization\",\"@id\":\"https:\/\/www.ilcollaccio.com\/en\/#organization\",\"name\":\"Il Collaccio\",\"url\":\"https:\/\/www.ilcollaccio.com\/en\/\",\"logo\":{\"@type\":\"ImageObject\",\"inLanguage\":\"de\",\"@id\":\"https:\/\/www.ilcollaccio.com\/en\/#\/schema\/logo\/image\/\",\"url\":\"http:\/\/www.ilcollaccio.com\/wp-content\/uploads\/2021\/10\/logo-h-b-1.png\",\"contentUrl\":\"http:\/\/www.ilcollaccio.com\/wp-content\/uploads\/2021\/10\/logo-h-b-1.png\",\"width\":385,\"height\":124,\"caption\":\"Il Collaccio\"},\"image\":{\"@id\":\"https:\/\/www.ilcollaccio.com\/en\/#\/schema\/logo\/image\/\"}}]}<\/script>\n<!-- \/ Yoast SEO plugin. -->","yoast_head_json":{"title":"Umbria Activity Park - Il Collaccio - Landwirtschaft und Gastfreundschaft","robots":{"index":"index","follow":"follow","max-snippet":"max-snippet:-1","max-image-preview":"max-image-preview:large","max-video-preview":"max-video-preview:-1"},"canonical":"https:\/\/www.ilcollaccio.com\/en\/activities\/umbria-activity-park\/","og_locale":"de_DE","og_type":"article","og_title":"Umbria Activity Park - Il Collaccio - Landwirtschaft und Gastfreundschaft","og_description":"Umbria Activity Park Der Umbria Activity Park in Scheggino ist der gr\u00f6\u00dfte Abenteuer- und Freizeitpark in Mittelitalien. Plane deinen Besuch in Umbrien, einer Region, die unendliche M\u00f6glichkeiten bietet: Nur wenige Schritte von Scheggino entfernt findest du die Marmore-Wasserf\u00e4lle, Spoleto, Assisi, &hellip; Read More","og_url":"https:\/\/www.ilcollaccio.com\/en\/activities\/umbria-activity-park\/","og_site_name":"Il Collaccio - Agricoltura e Ospitalit\u00e0","article_modified_time":"2023-11-09T11:10:33+00:00","og_image":[{"url":"https:\/\/www.ilcollaccio.com\/wp-content\/uploads\/2023\/03\/parco-avventura-activopark-150x150.jpg"}],"twitter_card":"summary_large_image","twitter_misc":{"Gesch\u00e4tzte Lesezeit":"4\u00a0Minuten"},"schema":{"@context":"https:\/\/schema.org","@graph":[{"@type":"WebPage","@id":"https:\/\/www.ilcollaccio.com\/en\/activities\/umbria-activity-park\/","url":"https:\/\/www.ilcollaccio.com\/en\/activities\/umbria-activity-park\/","name":"Umbria Activity Park - Il Collaccio - Landwirtschaft und Gastfreundschaft","isPartOf":{"@id":"https:\/\/www.ilcollaccio.com\/en\/#website"},"datePublished":"2023-03-28T08:12:30+00:00","dateModified":"2023-11-09T11:10:33+00:00","breadcrumb":{"@id":"https:\/\/www.ilcollaccio.com\/en\/activities\/umbria-activity-park\/#breadcrumb"},"inLanguage":"de","potentialAction":[{"@type":"ReadAction","target":["https:\/\/www.ilcollaccio.com\/en\/activities\/umbria-activity-park\/"]}]},{"@type":"BreadcrumbList","@id":"https:\/\/www.ilcollaccio.com\/en\/activities\/umbria-activity-park\/#breadcrumb","itemListElement":[{"@type":"ListItem","position":1,"name":"Home","item":"https:\/\/www.ilcollaccio.com\/en\/"},{"@type":"ListItem","position":2,"name":"Aktivit\u00e4ten","item":"https:\/\/www.ilcollaccio.com\/en\/activities\/"},{"@type":"ListItem","position":3,"name":"Umbria Activity Park"}]},{"@type":"WebSite","@id":"https:\/\/www.ilcollaccio.com\/en\/#website","url":"https:\/\/www.ilcollaccio.com\/en\/","name":"Il Collaccio - Agricoltura e Ospitalit\u00e0","description":"Un nuovo sito targato WordPress","publisher":{"@id":"https:\/\/www.ilcollaccio.com\/en\/#organization"},"potentialAction":[{"@type":"SearchAction","target":{"@type":"EntryPoint","urlTemplate":"https:\/\/www.ilcollaccio.com\/en\/?s={search_term_string}"},"query-input":"required name=search_term_string"}],"inLanguage":"de"},{"@type":"Organization","@id":"https:\/\/www.ilcollaccio.com\/en\/#organization","name":"Il Collaccio","url":"https:\/\/www.ilcollaccio.com\/en\/","logo":{"@type":"ImageObject","inLanguage":"de","@id":"https:\/\/www.ilcollaccio.com\/en\/#\/schema\/logo\/image\/","url":"http:\/\/www.ilcollaccio.com\/wp-content\/uploads\/2021\/10\/logo-h-b-1.png","contentUrl":"http:\/\/www.ilcollaccio.com\/wp-content\/uploads\/2021\/10\/logo-h-b-1.png","width":385,"height":124,"caption":"Il Collaccio"},"image":{"@id":"https:\/\/www.ilcollaccio.com\/en\/#\/schema\/logo\/image\/"}}]}},"_links":{"self":[{"href":"https:\/\/www.ilcollaccio.com\/de\/wp-json\/wp\/v2\/pages\/7518","targetHints":{"allow":["GET"]}}],"collection":[{"href":"https:\/\/www.ilcollaccio.com\/de\/wp-json\/wp\/v2\/pages"}],"about":[{"href":"https:\/\/www.ilcollaccio.com\/de\/wp-json\/wp\/v2\/types\/page"}],"author":[{"embeddable":true,"href":"https:\/\/www.ilcollaccio.com\/de\/wp-json\/wp\/v2\/users\/2"}],"replies":[{"embeddable":true,"href":"https:\/\/www.ilcollaccio.com\/de\/wp-json\/wp\/v2\/comments?post=7518"}],"version-history":[{"count":11,"href":"https:\/\/www.ilcollaccio.com\/de\/wp-json\/wp\/v2\/pages\/7518\/revisions"}],"predecessor-version":[{"id":8223,"href":"https:\/\/www.ilcollaccio.com\/de\/wp-json\/wp\/v2\/pages\/7518\/revisions\/8223"}],"up":[{"embeddable":true,"href":"https:\/\/www.ilcollaccio.com\/de\/wp-json\/wp\/v2\/pages\/2644"}],"wp:attachment":[{"href":"https:\/\/www.ilcollaccio.com\/de\/wp-json\/wp\/v2\/media?parent=7518"}],"curies":[{"name":"wp","href":"https:\/\/api.w.org\/{rel}","templated":true}]}}